{"id":105,"date":"2025-10-14T15:44:18","date_gmt":"2025-10-14T13:44:18","guid":{"rendered":"https:\/\/kandu.pl\/?page_id=105"},"modified":"2025-12-15T17:19:15","modified_gmt":"2025-12-15T16:19:15","slug":"ecactus-contact","status":"publish","type":"page","link":"https:\/\/kandu.pl\/?page_id=105","title":{"rendered":"KANDU kontakt"},"content":{"rendered":"\t\t<div data-elementor-type=\"wp-page\" data-elementor-id=\"105\" class=\"elementor elementor-105\" data-elementor-post-type=\"page\">\n\t\t\t\t\t\t<section class=\"elementor-section elementor-top-section elementor-element elementor-element-79c04ad elementor-section-boxed elementor-section-height-default elementor-section-height-default\" data-id=\"79c04ad\" data-element_type=\"section\" data-settings=\"{&quot;background_background&quot;:&quot;gradient&quot;}\">\n\t\t\t\t\t\t<div class=\"elementor-container elementor-column-gap-default\">\n\t\t\t\t\t<div class=\"elementor-column elementor-col-100 elementor-top-column elementor-element elementor-element-3dea3db\" data-id=\"3dea3db\" data-element_type=\"column\">\n\t\t\t<div class=\"elementor-widget-wrap elementor-element-populated\">\n\t\t\t\t\t\t<section class=\"elementor-section elementor-inner-section elementor-element elementor-element-6e8f965 elementor-section-boxed elementor-section-height-default elementor-section-height-default\" data-id=\"6e8f965\" data-element_type=\"section\">\n\t\t\t\t\t\t<div class=\"elementor-container elementor-column-gap-default\">\n\t\t\t\t\t<div class=\"elementor-column elementor-col-100 elementor-inner-column elementor-element elementor-element-de1b091\" data-id=\"de1b091\" data-element_type=\"column\">\n\t\t\t<div class=\"elementor-widget-wrap elementor-element-populated\">\n\t\t\t\t\t\t<div class=\"elementor-element elementor-element-cdbea2f elementor-widget-mobile__width-initial elementor-widget-tablet__width-initial elementor-widget elementor-widget-heading\" data-id=\"cdbea2f\" data-element_type=\"widget\" data-widget_type=\"heading.default\">\n\t\t\t\t<div class=\"elementor-widget-container\">\n\t\t\t\t\t<h1 class=\"elementor-heading-title elementor-size-default\">Oddech, kt\u00f3ry zmienia wszystko<\/h1>\t\t\t\t<\/div>\n\t\t\t\t<\/div>\n\t\t\t\t\t<\/div>\n\t\t<\/div>\n\t\t\t\t\t<\/div>\n\t\t<\/section>\n\t\t\t\t\t<\/div>\n\t\t<\/div>\n\t\t\t\t\t<\/div>\n\t\t<\/section>\n\t\t\t\t<section class=\"elementor-section elementor-top-section elementor-element elementor-element-6299d20 elementor-section-boxed elementor-section-height-default elementor-section-height-default\" data-id=\"6299d20\" data-element_type=\"section\" data-settings=\"{&quot;background_background&quot;:&quot;classic&quot;}\">\n\t\t\t\t\t\t<div class=\"elementor-container elementor-column-gap-default\">\n\t\t\t\t\t<div class=\"elementor-column elementor-col-100 elementor-top-column elementor-element elementor-element-59ce6d8\" data-id=\"59ce6d8\" data-element_type=\"column\">\n\t\t\t<div class=\"elementor-widget-wrap elementor-element-populated\">\n\t\t\t\t\t\t<section class=\"elementor-section elementor-inner-section elementor-element elementor-element-5385988 elementor-section-boxed elementor-section-height-default elementor-section-height-default\" data-id=\"5385988\" data-element_type=\"section\">\n\t\t\t\t\t\t<div class=\"elementor-container elementor-column-gap-default\">\n\t\t\t\t\t<div class=\"elementor-column elementor-col-100 elementor-inner-column elementor-element elementor-element-62dcc5f\" data-id=\"62dcc5f\" data-element_type=\"column\">\n\t\t\t<div class=\"elementor-widget-wrap elementor-element-populated\">\n\t\t\t\t\t\t<div class=\"elementor-element elementor-element-ab6ebfd elementor-widget elementor-widget-image\" data-id=\"ab6ebfd\" data-element_type=\"widget\" data-widget_type=\"image.default\">\n\t\t\t\t<div class=\"elementor-widget-container\">\n\t\t\t\t\t\t\t\t\t\t\t\t\t\t\t<img fetchpriority=\"high\" decoding=\"async\" width=\"1467\" height=\"936\" src=\"https:\/\/kandu.pl\/wp-content\/uploads\/2025\/11\/logo-kandu-same-liscie-yellow.webp\" class=\"attachment-full size-full wp-image-699\" alt=\"\" srcset=\"https:\/\/kandu.pl\/wp-content\/uploads\/2025\/11\/logo-kandu-same-liscie-yellow.webp 1467w, https:\/\/kandu.pl\/wp-content\/uploads\/2025\/11\/logo-kandu-same-liscie-yellow-300x191.png 300w, https:\/\/kandu.pl\/wp-content\/uploads\/2025\/11\/logo-kandu-same-liscie-yellow-1024x653.png 1024w, https:\/\/kandu.pl\/wp-content\/uploads\/2025\/11\/logo-kandu-same-liscie-yellow-768x490.webp 768w, https:\/\/kandu.pl\/wp-content\/uploads\/2025\/11\/logo-kandu-same-liscie-yellow-600x383.webp 600w, https:\/\/kandu.pl\/wp-content\/uploads\/2025\/11\/logo-kandu-same-liscie-yellow-64x41.webp 64w\" sizes=\"(max-width: 1467px) 100vw, 1467px\" \/>\t\t\t\t\t\t\t\t\t\t\t\t\t\t\t<\/div>\n\t\t\t\t<\/div>\n\t\t\t\t\t<\/div>\n\t\t<\/div>\n\t\t\t\t\t<\/div>\n\t\t<\/section>\n\t\t\t\t<section class=\"elementor-section elementor-inner-section elementor-element elementor-element-1a38a3e elementor-section-boxed elementor-section-height-default elementor-section-height-default\" data-id=\"1a38a3e\" data-element_type=\"section\" id=\"contact_section\">\n\t\t\t\t\t\t<div class=\"elementor-container elementor-column-gap-default\">\n\t\t\t\t\t<div class=\"elementor-column elementor-col-100 elementor-inner-column elementor-element elementor-element-ae7a282\" data-id=\"ae7a282\" data-element_type=\"column\">\n\t\t\t<div class=\"elementor-widget-wrap elementor-element-populated\">\n\t\t\t\t\t\t<div class=\"elementor-element elementor-element-68242bb elementor-widget elementor-widget-heading\" data-id=\"68242bb\" data-element_type=\"widget\" data-widget_type=\"heading.default\">\n\t\t\t\t<div class=\"elementor-widget-container\">\n\t\t\t\t\t<h2 class=\"elementor-heading-title elementor-size-default\">Skontaktuj sie ze mn\u0105...<\/h2>\t\t\t\t<\/div>\n\t\t\t\t<\/div>\n\t\t\t\t\t<\/div>\n\t\t<\/div>\n\t\t\t\t\t<\/div>\n\t\t<\/section>\n\t\t\t\t<section class=\"elementor-section elementor-inner-section elementor-element elementor-element-50aa9ce elementor-section-boxed elementor-section-height-default elementor-section-height-default\" data-id=\"50aa9ce\" data-element_type=\"section\" data-settings=\"{&quot;background_background&quot;:&quot;gradient&quot;}\">\n\t\t\t\t\t\t<div class=\"elementor-container elementor-column-gap-default\">\n\t\t\t\t\t<div class=\"elementor-column elementor-col-100 elementor-inner-column elementor-element elementor-element-fd4708b\" data-id=\"fd4708b\" data-element_type=\"column\">\n\t\t\t<div class=\"elementor-widget-wrap elementor-element-populated\">\n\t\t\t\t\t\t<div class=\"elementor-element elementor-element-1308fd0 eael-fluentform-form-button-left eael-fluentform-form-button-custom elementor-widget elementor-widget-eael-fluentform\" data-id=\"1308fd0\" data-element_type=\"widget\" data-widget_type=\"eael-fluentform.default\">\n\t\t\t\t<div class=\"elementor-widget-container\">\n\t\t\t\t\t        <div class=\"eael-contact-form eael-fluent-form-wrapper clearfix fluent-form-labels-hide eael-contact-form-align-default\">\n\n            \n            <div class='fluentform ff-default fluentform_wrapper_1 ffs_default_wrap'><form data-form_id=\"1\" id=\"fluentform_1\" class=\"frm-fluent-form fluent_form_1 ff-el-form-top ff_form_instance_1_1 ff-form-loading ffs_default\" data-form_instance=\"ff_form_instance_1_1\" method=\"POST\" ><fieldset  style=\"border: none!important;margin: 0!important;padding: 0!important;background-color: transparent!important;box-shadow: none!important;outline: none!important; min-inline-size: 100%;\">\n                    <legend class=\"ff_screen_reader_title\" style=\"display: block; margin: 0!important;padding: 0!important;height: 0!important;text-indent: -999999px;width: 0!important;overflow:hidden;\">Contact Form Demo<\/legend><input type='hidden' name='__fluent_form_embded_post_id' value='105' \/><input type=\"hidden\" id=\"_fluentform_1_fluentformnonce\" name=\"_fluentform_1_fluentformnonce\" value=\"890d685313\" \/><input type=\"hidden\" name=\"_wp_http_referer\" value=\"\/index.php?rest_route=%2Fwp%2Fv2%2Fpages%2F105\" \/><div data-type=\"name-element\" data-name=\"names\" class=\" ff-field_container ff-name-field-wrapper\" ><div class='ff-t-container'><div class='ff-t-cell '><div class='ff-el-group'><div class=\"ff-el-input--label asterisk-right\"><label for='ff_1_names_first_name_' >imi\u0119<\/label><\/div><div class='ff-el-input--content'><input type=\"text\" name=\"names[first_name]\" id=\"ff_1_names_first_name_\" class=\"ff-el-form-control\" placeholder=\"imi\u0119\" aria-invalid=\"false\" aria-required=false><\/div><\/div><\/div><div class='ff-t-cell '><div class='ff-el-group'><div class=\"ff-el-input--label asterisk-right\"><label for='ff_1_names_last_name_' >nazwisko<\/label><\/div><div class='ff-el-input--content'><input type=\"text\" name=\"names[last_name]\" id=\"ff_1_names_last_name_\" class=\"ff-el-form-control\" placeholder=\"nazwisko\" aria-invalid=\"false\" aria-required=false><\/div><\/div><\/div><\/div><\/div><div class='ff-el-group'><div class=\"ff-el-input--label ff-el-is-required asterisk-right\"><label for='ff_1_email' aria-label=\"e-mail\">e-mail<\/label><\/div><div class='ff-el-input--content'><input type=\"email\" name=\"email\" id=\"ff_1_email\" class=\"ff-el-form-control\" placeholder=\"e-mail\" data-name=\"email\"  aria-invalid=\"false\" aria-required=true><\/div><\/div><div class='ff-el-group'><div class=\"ff-el-input--label asterisk-right\"><label for='ff_1_subject' aria-label=\"temat\">temat<\/label><\/div><div class='ff-el-input--content'><input type=\"text\" name=\"subject\" class=\"ff-el-form-control\" placeholder=\"temat\" data-name=\"subject\" id=\"ff_1_subject\"  aria-invalid=\"false\" aria-required=false><\/div><\/div><div class='ff-el-group'><div class=\"ff-el-input--label ff-el-is-required asterisk-right\"><label for='ff_1_message' aria-label=\"Twoja wiadomo\u015b\u0107\">Twoja wiadomo\u015b\u0107<\/label><\/div><div class='ff-el-input--content'><textarea aria-invalid=\"false\" aria-required=true name=\"message\" id=\"ff_1_message\" class=\"ff-el-form-control\" placeholder=\"Twoja wiadomo\u015b\u0107\" rows=\"8\" cols=\"2\" data-name=\"message\" ><\/textarea><\/div><\/div><div class='ff-el-group ff-text-left ff_submit_btn_wrapper'><button type=\"submit\" class=\"ff-btn ff-btn-submit ff-btn-md ff_btn_style\" >Wy\u015blij<\/button><\/div><\/fieldset><\/form><div id='fluentform_1_errors' class='ff-errors-in-stack ff_form_instance_1_1 ff-form-loading_errors ff_form_instance_1_1_errors'><\/div><\/div>            <script type=\"text\/javascript\">\n                window.fluent_form_ff_form_instance_1_1 = {\"id\":\"1\",\"settings\":{\"layout\":{\"labelPlacement\":\"top\",\"helpMessagePlacement\":\"with_label\",\"errorMessagePlacement\":\"inline\",\"cssClassName\":\"\",\"asteriskPlacement\":\"asterisk-right\"},\"restrictions\":{\"denyEmptySubmission\":{\"enabled\":false}}},\"form_instance\":\"ff_form_instance_1_1\",\"form_id_selector\":\"fluentform_1\",\"rules\":{\"names[first_name]\":{\"required\":{\"value\":false,\"message\":\"This field is required\",\"global\":false,\"global_message\":\"This field is required\"}},\"names[middle_name]\":{\"required\":{\"value\":false,\"message\":\"This field is required\",\"global\":false,\"global_message\":\"This field is required\"}},\"names[last_name]\":{\"required\":{\"value\":false,\"message\":\"This field is required\",\"global\":false,\"global_message\":\"This field is required\"}},\"email\":{\"required\":{\"value\":true,\"message\":\"to pole jest wymagane\",\"global\":false,\"global_message\":\"This field is required\"},\"email\":{\"value\":true,\"message\":\"This field must contain a valid email\",\"global\":false,\"global_message\":\"This field must contain a valid email\"}},\"subject\":{\"required\":{\"value\":false,\"message\":\"This field is required\",\"global\":false,\"global_message\":\"This field is required\"}},\"message\":{\"required\":{\"value\":true,\"message\":\"This field is required\",\"global\":false,\"global_message\":\"This field is required\"}}},\"debounce_time\":300};\n                            <\/script>\n                    <\/div>\n\n        \t\t\t\t<\/div>\n\t\t\t\t<\/div>\n\t\t\t\t\t<\/div>\n\t\t<\/div>\n\t\t\t\t\t<\/div>\n\t\t<\/section>\n\t\t\t\t<section class=\"elementor-section elementor-inner-section elementor-element elementor-element-be581be elementor-section-boxed elementor-section-height-default elementor-section-height-default\" data-id=\"be581be\" data-element_type=\"section\" data-settings=\"{&quot;background_background&quot;:&quot;classic&quot;}\">\n\t\t\t\t\t\t<div class=\"elementor-container elementor-column-gap-default\">\n\t\t\t\t\t<div class=\"elementor-column elementor-col-50 elementor-inner-column elementor-element elementor-element-247726a\" data-id=\"247726a\" data-element_type=\"column\">\n\t\t\t<div class=\"elementor-widget-wrap elementor-element-populated\">\n\t\t\t\t\t\t<div class=\"elementor-element elementor-element-c453a53 elementor-position-top elementor-widget elementor-widget-image-box\" data-id=\"c453a53\" data-element_type=\"widget\" data-widget_type=\"image-box.default\">\n\t\t\t\t<div class=\"elementor-widget-container\">\n\t\t\t\t\t<div class=\"elementor-image-box-wrapper\"><figure class=\"elementor-image-box-img\"><img decoding=\"async\" width=\"60\" height=\"60\" src=\"https:\/\/kandu.pl\/wp-content\/uploads\/2025\/07\/ba1413f0-email-1.webp\" class=\"attachment-full size-full wp-image-64\" alt=\"\" \/><\/figure><div class=\"elementor-image-box-content\"><h3 class=\"elementor-image-box-title\">Email<\/h3><p class=\"elementor-image-box-description\">kandu.pl@proton.pl<\/p><\/div><\/div>\t\t\t\t<\/div>\n\t\t\t\t<\/div>\n\t\t\t\t\t<\/div>\n\t\t<\/div>\n\t\t\t\t<div class=\"elementor-column elementor-col-50 elementor-inner-column elementor-element elementor-element-f64acce\" data-id=\"f64acce\" data-element_type=\"column\">\n\t\t\t<div class=\"elementor-widget-wrap elementor-element-populated\">\n\t\t\t\t\t\t<div class=\"elementor-element elementor-element-1b07891 elementor-position-top elementor-widget elementor-widget-image-box\" data-id=\"1b07891\" data-element_type=\"widget\" data-widget_type=\"image-box.default\">\n\t\t\t\t<div class=\"elementor-widget-container\">\n\t\t\t\t\t<div class=\"elementor-image-box-wrapper\"><figure class=\"elementor-image-box-img\"><img decoding=\"async\" width=\"60\" height=\"60\" src=\"https:\/\/kandu.pl\/wp-content\/uploads\/2025\/07\/7230df55-clock-1.webp\" class=\"attachment-full size-full wp-image-66\" alt=\"\" \/><\/figure><div class=\"elementor-image-box-content\"><h3 class=\"elementor-image-box-title\">godziny pracy<\/h3><p class=\"elementor-image-box-description\">pon - pt:  10:00-18:00\n<\/p><\/div><\/div>\t\t\t\t<\/div>\n\t\t\t\t<\/div>\n\t\t\t\t\t<\/div>\n\t\t<\/div>\n\t\t\t\t\t<\/div>\n\t\t<\/section>\n\t\t\t\t\t<\/div>\n\t\t<\/div>\n\t\t\t\t\t<\/div>\n\t\t<\/section>\n\t\t\t\t<\/div>\n\t\t","protected":false},"excerpt":{"rendered":"<p>Oddech, kt\u00f3ry zmienia wszystko Skontaktuj sie ze mn\u0105&#8230; Contact Form Demo imi\u0119nazwiskoe-mailtematTwoja wiadomo\u015b\u0107Wy\u015blij Email kandu.pl@proton.pl godziny pracy pon &#8211; pt: 10:00-18:00<\/p>\n","protected":false},"author":1,"featured_media":0,"parent":0,"menu_order":0,"comment_status":"closed","ping_status":"closed","template":"elementor_header_footer","meta":{"footnotes":""},"class_list":["post-105","page","type-page","status-publish","hentry"],"yoast_head":"<!-- This site is optimized with the Yoast SEO plugin v26.5 - https:\/\/yoast.com\/wordpress\/plugins\/seo\/ -->\n<title>KANDU kontakt - KANDU<\/title>\n<meta name=\"robots\" content=\"index, follow, max-snippet:-1, max-image-preview:large, max-video-preview:-1\" \/>\n<link rel=\"canonical\" href=\"https:\/\/kandu.pl\/?page_id=105\" \/>\n<meta property=\"og:locale\" content=\"pl_PL\" \/>\n<meta property=\"og:type\" content=\"article\" \/>\n<meta property=\"og:title\" content=\"KANDU kontakt - KANDU\" \/>\n<meta property=\"og:description\" content=\"Oddech, kt\u00f3ry zmienia wszystko Skontaktuj sie ze mn\u0105&#8230; Contact Form Demo imi\u0119nazwiskoe-mailtematTwoja wiadomo\u015b\u0107Wy\u015blij Email kandu.pl@proton.pl godziny pracy pon &#8211; pt: 10:00-18:00\" \/>\n<meta property=\"og:url\" content=\"https:\/\/kandu.pl\/?page_id=105\" \/>\n<meta property=\"og:site_name\" content=\"KANDU\" \/>\n<meta property=\"article:modified_time\" content=\"2025-12-15T16:19:15+00:00\" \/>\n<meta property=\"og:image\" content=\"https:\/\/kandu.pl\/wp-content\/uploads\/2025\/11\/logo-kandu-same-liscie-yellow.webp\" \/>\n\t<meta property=\"og:image:width\" content=\"1467\" \/>\n\t<meta property=\"og:image:height\" content=\"936\" \/>\n\t<meta property=\"og:image:type\" content=\"image\/webp\" \/>\n<meta name=\"twitter:card\" content=\"summary_large_image\" \/>\n<meta name=\"twitter:label1\" content=\"Szacowany czas czytania\" \/>\n\t<meta name=\"twitter:data1\" content=\"1 minuta\" \/>\n<script type=\"application\/ld+json\" class=\"yoast-schema-graph\">{\"@context\":\"https:\/\/schema.org\",\"@graph\":[{\"@type\":\"WebPage\",\"@id\":\"https:\/\/kandu.pl\/?page_id=105\",\"url\":\"https:\/\/kandu.pl\/?page_id=105\",\"name\":\"KANDU kontakt - KANDU\",\"isPartOf\":{\"@id\":\"https:\/\/kandu.pl\/#website\"},\"primaryImageOfPage\":{\"@id\":\"https:\/\/kandu.pl\/?page_id=105#primaryimage\"},\"image\":{\"@id\":\"https:\/\/kandu.pl\/?page_id=105#primaryimage\"},\"thumbnailUrl\":\"https:\/\/kandu.pl\/wp-content\/uploads\/2025\/11\/logo-kandu-same-liscie-yellow.webp\",\"datePublished\":\"2025-10-14T13:44:18+00:00\",\"dateModified\":\"2025-12-15T16:19:15+00:00\",\"breadcrumb\":{\"@id\":\"https:\/\/kandu.pl\/?page_id=105#breadcrumb\"},\"inLanguage\":\"pl-PL\",\"potentialAction\":[{\"@type\":\"ReadAction\",\"target\":[\"https:\/\/kandu.pl\/?page_id=105\"]}]},{\"@type\":\"ImageObject\",\"inLanguage\":\"pl-PL\",\"@id\":\"https:\/\/kandu.pl\/?page_id=105#primaryimage\",\"url\":\"https:\/\/kandu.pl\/wp-content\/uploads\/2025\/11\/logo-kandu-same-liscie-yellow.webp\",\"contentUrl\":\"https:\/\/kandu.pl\/wp-content\/uploads\/2025\/11\/logo-kandu-same-liscie-yellow.webp\",\"width\":1467,\"height\":936},{\"@type\":\"BreadcrumbList\",\"@id\":\"https:\/\/kandu.pl\/?page_id=105#breadcrumb\",\"itemListElement\":[{\"@type\":\"ListItem\",\"position\":1,\"name\":\"Strona g\u0142\u00f3wna\",\"item\":\"https:\/\/kandu.pl\/\"},{\"@type\":\"ListItem\",\"position\":2,\"name\":\"KANDU kontakt\"}]},{\"@type\":\"WebSite\",\"@id\":\"https:\/\/kandu.pl\/#website\",\"url\":\"https:\/\/kandu.pl\/\",\"name\":\"KANDU\",\"description\":\"just breath\",\"publisher\":{\"@id\":\"https:\/\/kandu.pl\/#\/schema\/person\/7c024e12ff77f9873be3d438b50d4da8\"},\"potentialAction\":[{\"@type\":\"SearchAction\",\"target\":{\"@type\":\"EntryPoint\",\"urlTemplate\":\"https:\/\/kandu.pl\/?s={search_term_string}\"},\"query-input\":{\"@type\":\"PropertyValueSpecification\",\"valueRequired\":true,\"valueName\":\"search_term_string\"}}],\"inLanguage\":\"pl-PL\"},{\"@type\":[\"Person\",\"Organization\"],\"@id\":\"https:\/\/kandu.pl\/#\/schema\/person\/7c024e12ff77f9873be3d438b50d4da8\",\"name\":\"admin\",\"image\":{\"@type\":\"ImageObject\",\"inLanguage\":\"pl-PL\",\"@id\":\"https:\/\/kandu.pl\/#\/schema\/person\/image\/\",\"url\":\"https:\/\/kandu.pl\/wp-content\/uploads\/2025\/10\/logo-kandu-OK.webp\",\"contentUrl\":\"https:\/\/kandu.pl\/wp-content\/uploads\/2025\/10\/logo-kandu-OK.webp\",\"width\":462,\"height\":462,\"caption\":\"admin\"},\"logo\":{\"@id\":\"https:\/\/kandu.pl\/#\/schema\/person\/image\/\"},\"sameAs\":[\"https:\/\/kandu.pl\"]}]}<\/script>\n<!-- \/ Yoast SEO plugin. -->","yoast_head_json":{"title":"KANDU kontakt - KANDU","robots":{"index":"index","follow":"follow","max-snippet":"max-snippet:-1","max-image-preview":"max-image-preview:large","max-video-preview":"max-video-preview:-1"},"canonical":"https:\/\/kandu.pl\/?page_id=105","og_locale":"pl_PL","og_type":"article","og_title":"KANDU kontakt - KANDU","og_description":"Oddech, kt\u00f3ry zmienia wszystko Skontaktuj sie ze mn\u0105&#8230; Contact Form Demo imi\u0119nazwiskoe-mailtematTwoja wiadomo\u015b\u0107Wy\u015blij Email kandu.pl@proton.pl godziny pracy pon &#8211; pt: 10:00-18:00","og_url":"https:\/\/kandu.pl\/?page_id=105","og_site_name":"KANDU","article_modified_time":"2025-12-15T16:19:15+00:00","og_image":[{"width":1467,"height":936,"url":"https:\/\/kandu.pl\/wp-content\/uploads\/2025\/11\/logo-kandu-same-liscie-yellow.webp","type":"image\/webp"}],"twitter_card":"summary_large_image","twitter_misc":{"Szacowany czas czytania":"1 minuta"},"schema":{"@context":"https:\/\/schema.org","@graph":[{"@type":"WebPage","@id":"https:\/\/kandu.pl\/?page_id=105","url":"https:\/\/kandu.pl\/?page_id=105","name":"KANDU kontakt - KANDU","isPartOf":{"@id":"https:\/\/kandu.pl\/#website"},"primaryImageOfPage":{"@id":"https:\/\/kandu.pl\/?page_id=105#primaryimage"},"image":{"@id":"https:\/\/kandu.pl\/?page_id=105#primaryimage"},"thumbnailUrl":"https:\/\/kandu.pl\/wp-content\/uploads\/2025\/11\/logo-kandu-same-liscie-yellow.webp","datePublished":"2025-10-14T13:44:18+00:00","dateModified":"2025-12-15T16:19:15+00:00","breadcrumb":{"@id":"https:\/\/kandu.pl\/?page_id=105#breadcrumb"},"inLanguage":"pl-PL","potentialAction":[{"@type":"ReadAction","target":["https:\/\/kandu.pl\/?page_id=105"]}]},{"@type":"ImageObject","inLanguage":"pl-PL","@id":"https:\/\/kandu.pl\/?page_id=105#primaryimage","url":"https:\/\/kandu.pl\/wp-content\/uploads\/2025\/11\/logo-kandu-same-liscie-yellow.webp","contentUrl":"https:\/\/kandu.pl\/wp-content\/uploads\/2025\/11\/logo-kandu-same-liscie-yellow.webp","width":1467,"height":936},{"@type":"BreadcrumbList","@id":"https:\/\/kandu.pl\/?page_id=105#breadcrumb","itemListElement":[{"@type":"ListItem","position":1,"name":"Strona g\u0142\u00f3wna","item":"https:\/\/kandu.pl\/"},{"@type":"ListItem","position":2,"name":"KANDU kontakt"}]},{"@type":"WebSite","@id":"https:\/\/kandu.pl\/#website","url":"https:\/\/kandu.pl\/","name":"KANDU","description":"just breath","publisher":{"@id":"https:\/\/kandu.pl\/#\/schema\/person\/7c024e12ff77f9873be3d438b50d4da8"},"potentialAction":[{"@type":"SearchAction","target":{"@type":"EntryPoint","urlTemplate":"https:\/\/kandu.pl\/?s={search_term_string}"},"query-input":{"@type":"PropertyValueSpecification","valueRequired":true,"valueName":"search_term_string"}}],"inLanguage":"pl-PL"},{"@type":["Person","Organization"],"@id":"https:\/\/kandu.pl\/#\/schema\/person\/7c024e12ff77f9873be3d438b50d4da8","name":"admin","image":{"@type":"ImageObject","inLanguage":"pl-PL","@id":"https:\/\/kandu.pl\/#\/schema\/person\/image\/","url":"https:\/\/kandu.pl\/wp-content\/uploads\/2025\/10\/logo-kandu-OK.webp","contentUrl":"https:\/\/kandu.pl\/wp-content\/uploads\/2025\/10\/logo-kandu-OK.webp","width":462,"height":462,"caption":"admin"},"logo":{"@id":"https:\/\/kandu.pl\/#\/schema\/person\/image\/"},"sameAs":["https:\/\/kandu.pl"]}]}},"_links":{"self":[{"href":"https:\/\/kandu.pl\/index.php?rest_route=\/wp\/v2\/pages\/105","targetHints":{"allow":["GET"]}}],"collection":[{"href":"https:\/\/kandu.pl\/index.php?rest_route=\/wp\/v2\/pages"}],"about":[{"href":"https:\/\/kandu.pl\/index.php?rest_route=\/wp\/v2\/types\/page"}],"author":[{"embeddable":true,"href":"https:\/\/kandu.pl\/index.php?rest_route=\/wp\/v2\/users\/1"}],"replies":[{"embeddable":true,"href":"https:\/\/kandu.pl\/index.php?rest_route=%2Fwp%2Fv2%2Fcomments&post=105"}],"version-history":[{"count":49,"href":"https:\/\/kandu.pl\/index.php?rest_route=\/wp\/v2\/pages\/105\/revisions"}],"predecessor-version":[{"id":1023,"href":"https:\/\/kandu.pl\/index.php?rest_route=\/wp\/v2\/pages\/105\/revisions\/1023"}],"wp:attachment":[{"href":"https:\/\/kandu.pl\/index.php?rest_route=%2Fwp%2Fv2%2Fmedia&parent=105"}],"curies":[{"name":"wp","href":"https:\/\/api.w.org\/{rel}","templated":true}]}}