{"id":117,"date":"2025-10-14T15:44:21","date_gmt":"2025-10-14T13:44:21","guid":{"rendered":"http:\/\/sajeeb"},"modified":"2025-11-07T15:21:41","modified_gmt":"2025-11-07T14:21:41","slug":"pathos-plant","status":"publish","type":"product","link":"https:\/\/kandu.pl\/?product=pathos-plant","title":{"rendered":"Webinar oddechowy KANDU &#8211; nagranie"},"content":{"rendered":"<h2 class=\"!text-neutral-a12\"><strong class=\"!text-neutral-a12\">Webinar &#8222;Oddychaj \u015awiadomie&#8221; z Marcinem Pietruszk\u0105<\/strong><\/h2>\n<h3 class=\"!text-neutral-a12\"><strong class=\"!text-neutral-a12\">Odkryj moc \u015bwiadomego oddechu i zmie\u0144 swoje \u017cycie<\/strong><\/h3>\n<p class=\"!text-neutral-a12\">Czy wiesz, \u017ce w\u0142a\u015bciwy oddech to klucz do lepszego zdrowia, redukcji stresu i zwi\u0119kszenia energii? Marcin Pietruszka, do\u015bwiadczony trener oddechu, dzieli si\u0119 swoj\u0105 wiedz\u0105 w tym wyj\u0105tkowym webinarze.<\/p>\n<p class=\"!text-neutral-a12\"><strong class=\"!text-neutral-a12\">Co zyskasz dzi\u0119ki temu webinarowi:<\/strong><\/p>\n<ul class=\"!text-neutral-a12\">\n<li class=\"!text-neutral-a12\">\u2705 Praktyczne techniki oddechowe do codziennego u\u017cytku<\/li>\n<li class=\"!text-neutral-a12\">\u2705 Metody redukcji stresu i napi\u0119cia<\/li>\n<li class=\"!text-neutral-a12\">\u2705 Sposoby na zwi\u0119kszenie koncentracji i energii<\/li>\n<li class=\"!text-neutral-a12\">\u2705 \u0106wiczenia oddechowe dla lepszego snu<\/li>\n<li class=\"!text-neutral-a12\">\u2705 Naukowe podstawy \u015bwiadomego oddychania<\/li>\n<\/ul>\n<p class=\"!text-neutral-a12\"><strong class=\"!text-neutral-a12\">Dla kogo:<\/strong><\/p>\n<ul class=\"!text-neutral-a12\">\n<li class=\"!text-neutral-a12\">Osoby zmagaj\u0105ce si\u0119 ze stresem<\/li>\n<li class=\"!text-neutral-a12\">Poszukuj\u0105cych naturalnych metod relaksacji<\/li>\n<li class=\"!text-neutral-a12\">Chc\u0105cych poprawi\u0107 swoj\u0105 kondycj\u0119 psychofizyczn\u0105<\/li>\n<li class=\"!text-neutral-a12\">Zainteresowanych rozwojem osobistym<\/li>\n<\/ul>\n<p class=\"!text-neutral-a12\"><strong class=\"!text-neutral-a12\">Format:<\/strong>\u00a0Nagrany webinar dost\u0119pny 24\/7<br \/>\n<strong class=\"!text-neutral-a12\">Czas trwania:<\/strong> 45 min<\/p>\n","protected":false},"excerpt":{"rendered":"<h3 class=\"!text-neutral-a12\"><strong class=\"!text-neutral-a12\">Odkryj moc \u015bwiadomego oddechu i zmie\u0144 swoje \u017cycie<\/strong><\/h3>\n<p class=\"!text-neutral-a12\">Czy wiesz, \u017ce w\u0142a\u015bciwy oddech to klucz do lepszego zdrowia, redukcji stresu i zwi\u0119kszenia energii? Marcin Pietruszka, do\u015bwiadczony trener oddechu, dzieli si\u0119 swoj\u0105 wiedz\u0105 w tym wyj\u0105tkowym webinarze.<\/p>\n","protected":false},"featured_media":357,"comment_status":"closed","ping_status":"closed","template":"","meta":[],"product_brand":[],"product_cat":[26],"product_tag":[22],"class_list":{"0":"post-117","1":"product","2":"type-product","3":"status-publish","4":"has-post-thumbnail","6":"product_cat-webinary","7":"product_tag-home-page","9":"first","10":"instock","11":"sale","12":"shipping-taxable","13":"purchasable","14":"product-type-simple"},"yoast_head":"<!-- This site is optimized with the Yoast SEO plugin v26.5 - https:\/\/yoast.com\/wordpress\/plugins\/seo\/ -->\n<title>Webinar oddechowy KANDU - nagranie - KANDU<\/title>\n<meta name=\"robots\" content=\"index, follow, max-snippet:-1, max-image-preview:large, max-video-preview:-1\" \/>\n<link rel=\"canonical\" href=\"https:\/\/kandu.pl\/?product=pathos-plant\" \/>\n<meta property=\"og:locale\" content=\"pl_PL\" \/>\n<meta property=\"og:type\" content=\"article\" \/>\n<meta property=\"og:title\" content=\"Webinar oddechowy KANDU - nagranie - KANDU\" \/>\n<meta property=\"og:description\" content=\"Odkryj moc \u015bwiadomego oddechu i zmie\u0144 swoje \u017cycie Czy wiesz, \u017ce w\u0142a\u015bciwy oddech to klucz do lepszego zdrowia, redukcji stresu i zwi\u0119kszenia energii? Marcin Pietruszka, do\u015bwiadczony trener oddechu, dzieli si\u0119 swoj\u0105 wiedz\u0105 w tym wyj\u0105tkowym webinarze.\" \/>\n<meta property=\"og:url\" content=\"https:\/\/kandu.pl\/?product=pathos-plant\" \/>\n<meta property=\"og:site_name\" content=\"KANDU\" \/>\n<meta property=\"article:modified_time\" content=\"2025-11-07T14:21:41+00:00\" \/>\n<meta property=\"og:image\" content=\"https:\/\/kandu.pl\/wp-content\/uploads\/2025\/10\/Marcin-pietruszka-video-Webinar-2-1.webp\" \/>\n\t<meta property=\"og:image:width\" content=\"1024\" \/>\n\t<meta property=\"og:image:height\" content=\"1024\" \/>\n\t<meta property=\"og:image:type\" content=\"image\/webp\" \/>\n<meta name=\"twitter:card\" content=\"summary_large_image\" \/>\n<meta name=\"twitter:label1\" content=\"Szacowany czas czytania\" \/>\n\t<meta name=\"twitter:data1\" content=\"1 minuta\" \/>\n<script type=\"application\/ld+json\" class=\"yoast-schema-graph\">{\"@context\":\"https:\/\/schema.org\",\"@graph\":[{\"@type\":\"WebPage\",\"@id\":\"https:\/\/kandu.pl\/?product=pathos-plant\",\"url\":\"https:\/\/kandu.pl\/?product=pathos-plant\",\"name\":\"Webinar oddechowy KANDU - nagranie - KANDU\",\"isPartOf\":{\"@id\":\"https:\/\/kandu.pl\/#website\"},\"primaryImageOfPage\":{\"@id\":\"https:\/\/kandu.pl\/?product=pathos-plant#primaryimage\"},\"image\":{\"@id\":\"https:\/\/kandu.pl\/?product=pathos-plant#primaryimage\"},\"thumbnailUrl\":\"https:\/\/kandu.pl\/wp-content\/uploads\/2025\/10\/Marcin-pietruszka-video-Webinar-2-1.webp\",\"datePublished\":\"2025-10-14T13:44:21+00:00\",\"dateModified\":\"2025-11-07T14:21:41+00:00\",\"breadcrumb\":{\"@id\":\"https:\/\/kandu.pl\/?product=pathos-plant#breadcrumb\"},\"inLanguage\":\"pl-PL\",\"potentialAction\":[{\"@type\":\"ReadAction\",\"target\":[\"https:\/\/kandu.pl\/?product=pathos-plant\"]}]},{\"@type\":\"ImageObject\",\"inLanguage\":\"pl-PL\",\"@id\":\"https:\/\/kandu.pl\/?product=pathos-plant#primaryimage\",\"url\":\"https:\/\/kandu.pl\/wp-content\/uploads\/2025\/10\/Marcin-pietruszka-video-Webinar-2-1.webp\",\"contentUrl\":\"https:\/\/kandu.pl\/wp-content\/uploads\/2025\/10\/Marcin-pietruszka-video-Webinar-2-1.webp\",\"width\":1024,\"height\":1024},{\"@type\":\"BreadcrumbList\",\"@id\":\"https:\/\/kandu.pl\/?product=pathos-plant#breadcrumb\",\"itemListElement\":[{\"@type\":\"ListItem\",\"position\":1,\"name\":\"Strona g\u0142\u00f3wna\",\"item\":\"https:\/\/kandu.pl\/\"},{\"@type\":\"ListItem\",\"position\":2,\"name\":\"Produkty\",\"item\":\"https:\/\/kandu.pl\/?post_type=product\"},{\"@type\":\"ListItem\",\"position\":3,\"name\":\"Webinar oddechowy KANDU &#8211; nagranie\"}]},{\"@type\":\"WebSite\",\"@id\":\"https:\/\/kandu.pl\/#website\",\"url\":\"https:\/\/kandu.pl\/\",\"name\":\"KANDU\",\"description\":\"just breath\",\"publisher\":{\"@id\":\"https:\/\/kandu.pl\/#\/schema\/person\/7c024e12ff77f9873be3d438b50d4da8\"},\"potentialAction\":[{\"@type\":\"SearchAction\",\"target\":{\"@type\":\"EntryPoint\",\"urlTemplate\":\"https:\/\/kandu.pl\/?s={search_term_string}\"},\"query-input\":{\"@type\":\"PropertyValueSpecification\",\"valueRequired\":true,\"valueName\":\"search_term_string\"}}],\"inLanguage\":\"pl-PL\"},{\"@type\":[\"Person\",\"Organization\"],\"@id\":\"https:\/\/kandu.pl\/#\/schema\/person\/7c024e12ff77f9873be3d438b50d4da8\",\"name\":\"admin\",\"image\":{\"@type\":\"ImageObject\",\"inLanguage\":\"pl-PL\",\"@id\":\"https:\/\/kandu.pl\/#\/schema\/person\/image\/\",\"url\":\"https:\/\/kandu.pl\/wp-content\/uploads\/2025\/10\/logo-kandu-OK.webp\",\"contentUrl\":\"https:\/\/kandu.pl\/wp-content\/uploads\/2025\/10\/logo-kandu-OK.webp\",\"width\":462,\"height\":462,\"caption\":\"admin\"},\"logo\":{\"@id\":\"https:\/\/kandu.pl\/#\/schema\/person\/image\/\"},\"sameAs\":[\"https:\/\/kandu.pl\"]}]}<\/script>\n<!-- \/ Yoast SEO plugin. -->","yoast_head_json":{"title":"Webinar oddechowy KANDU - nagranie - KANDU","robots":{"index":"index","follow":"follow","max-snippet":"max-snippet:-1","max-image-preview":"max-image-preview:large","max-video-preview":"max-video-preview:-1"},"canonical":"https:\/\/kandu.pl\/?product=pathos-plant","og_locale":"pl_PL","og_type":"article","og_title":"Webinar oddechowy KANDU - nagranie - KANDU","og_description":"Odkryj moc \u015bwiadomego oddechu i zmie\u0144 swoje \u017cycie Czy wiesz, \u017ce w\u0142a\u015bciwy oddech to klucz do lepszego zdrowia, redukcji stresu i zwi\u0119kszenia energii? Marcin Pietruszka, do\u015bwiadczony trener oddechu, dzieli si\u0119 swoj\u0105 wiedz\u0105 w tym wyj\u0105tkowym webinarze.","og_url":"https:\/\/kandu.pl\/?product=pathos-plant","og_site_name":"KANDU","article_modified_time":"2025-11-07T14:21:41+00:00","og_image":[{"width":1024,"height":1024,"url":"https:\/\/kandu.pl\/wp-content\/uploads\/2025\/10\/Marcin-pietruszka-video-Webinar-2-1.webp","type":"image\/webp"}],"twitter_card":"summary_large_image","twitter_misc":{"Szacowany czas czytania":"1 minuta"},"schema":{"@context":"https:\/\/schema.org","@graph":[{"@type":"WebPage","@id":"https:\/\/kandu.pl\/?product=pathos-plant","url":"https:\/\/kandu.pl\/?product=pathos-plant","name":"Webinar oddechowy KANDU - nagranie - KANDU","isPartOf":{"@id":"https:\/\/kandu.pl\/#website"},"primaryImageOfPage":{"@id":"https:\/\/kandu.pl\/?product=pathos-plant#primaryimage"},"image":{"@id":"https:\/\/kandu.pl\/?product=pathos-plant#primaryimage"},"thumbnailUrl":"https:\/\/kandu.pl\/wp-content\/uploads\/2025\/10\/Marcin-pietruszka-video-Webinar-2-1.webp","datePublished":"2025-10-14T13:44:21+00:00","dateModified":"2025-11-07T14:21:41+00:00","breadcrumb":{"@id":"https:\/\/kandu.pl\/?product=pathos-plant#breadcrumb"},"inLanguage":"pl-PL","potentialAction":[{"@type":"ReadAction","target":["https:\/\/kandu.pl\/?product=pathos-plant"]}]},{"@type":"ImageObject","inLanguage":"pl-PL","@id":"https:\/\/kandu.pl\/?product=pathos-plant#primaryimage","url":"https:\/\/kandu.pl\/wp-content\/uploads\/2025\/10\/Marcin-pietruszka-video-Webinar-2-1.webp","contentUrl":"https:\/\/kandu.pl\/wp-content\/uploads\/2025\/10\/Marcin-pietruszka-video-Webinar-2-1.webp","width":1024,"height":1024},{"@type":"BreadcrumbList","@id":"https:\/\/kandu.pl\/?product=pathos-plant#breadcrumb","itemListElement":[{"@type":"ListItem","position":1,"name":"Strona g\u0142\u00f3wna","item":"https:\/\/kandu.pl\/"},{"@type":"ListItem","position":2,"name":"Produkty","item":"https:\/\/kandu.pl\/?post_type=product"},{"@type":"ListItem","position":3,"name":"Webinar oddechowy KANDU &#8211; nagranie"}]},{"@type":"WebSite","@id":"https:\/\/kandu.pl\/#website","url":"https:\/\/kandu.pl\/","name":"KANDU","description":"just breath","publisher":{"@id":"https:\/\/kandu.pl\/#\/schema\/person\/7c024e12ff77f9873be3d438b50d4da8"},"potentialAction":[{"@type":"SearchAction","target":{"@type":"EntryPoint","urlTemplate":"https:\/\/kandu.pl\/?s={search_term_string}"},"query-input":{"@type":"PropertyValueSpecification","valueRequired":true,"valueName":"search_term_string"}}],"inLanguage":"pl-PL"},{"@type":["Person","Organization"],"@id":"https:\/\/kandu.pl\/#\/schema\/person\/7c024e12ff77f9873be3d438b50d4da8","name":"admin","image":{"@type":"ImageObject","inLanguage":"pl-PL","@id":"https:\/\/kandu.pl\/#\/schema\/person\/image\/","url":"https:\/\/kandu.pl\/wp-content\/uploads\/2025\/10\/logo-kandu-OK.webp","contentUrl":"https:\/\/kandu.pl\/wp-content\/uploads\/2025\/10\/logo-kandu-OK.webp","width":462,"height":462,"caption":"admin"},"logo":{"@id":"https:\/\/kandu.pl\/#\/schema\/person\/image\/"},"sameAs":["https:\/\/kandu.pl"]}]}},"_links":{"self":[{"href":"https:\/\/kandu.pl\/index.php?rest_route=\/wp\/v2\/product\/117","targetHints":{"allow":["GET"]}}],"collection":[{"href":"https:\/\/kandu.pl\/index.php?rest_route=\/wp\/v2\/product"}],"about":[{"href":"https:\/\/kandu.pl\/index.php?rest_route=\/wp\/v2\/types\/product"}],"replies":[{"embeddable":true,"href":"https:\/\/kandu.pl\/index.php?rest_route=%2Fwp%2Fv2%2Fcomments&post=117"}],"wp:featuredmedia":[{"embeddable":true,"href":"https:\/\/kandu.pl\/index.php?rest_route=\/wp\/v2\/media\/357"}],"wp:attachment":[{"href":"https:\/\/kandu.pl\/index.php?rest_route=%2Fwp%2Fv2%2Fmedia&parent=117"}],"wp:term":[{"taxonomy":"product_brand","embeddable":true,"href":"https:\/\/kandu.pl\/index.php?rest_route=%2Fwp%2Fv2%2Fproduct_brand&post=117"},{"taxonomy":"product_cat","embeddable":true,"href":"https:\/\/kandu.pl\/index.php?rest_route=%2Fwp%2Fv2%2Fproduct_cat&post=117"},{"taxonomy":"product_tag","embeddable":true,"href":"https:\/\/kandu.pl\/index.php?rest_route=%2Fwp%2Fv2%2Fproduct_tag&post=117"}],"curies":[{"name":"wp","href":"https:\/\/api.w.org\/{rel}","templated":true}]}}